{"id":1044,"date":"2020-06-06T12:22:39","date_gmt":"2020-06-06T12:22:39","guid":{"rendered":"https:\/\/www.mieuxcomment.com\/boutique\/?page_id=1044"},"modified":"2020-06-28T14:04:48","modified_gmt":"2020-06-28T14:04:48","slug":"mentions-legales","status":"publish","type":"page","link":"https:\/\/www.mieuxcomment.com\/boutique\/mentions-legales\/","title":{"rendered":"Mentions L\u00e9gales"},"content":{"rendered":"\t\t<div data-elementor-type=\"wp-page\" data-elementor-id=\"1044\" class=\"elementor elementor-1044\">\n\t\t\t\t\t\t<section class=\"elementor-section elementor-top-section elementor-element elementor-element-beab829 elementor-section-boxed elementor-section-height-default elementor-section-height-default\" data-id=\"beab829\" data-element_type=\"section\" data-e-type=\"section\">\n\t\t\t\t\t\t<div class=\"elementor-container elementor-column-gap-default\">\n\t\t\t\t\t<div class=\"elementor-column elementor-col-100 elementor-top-column elementor-element elementor-element-5b2c5d7\" data-id=\"5b2c5d7\" data-element_type=\"column\" data-e-type=\"column\">\n\t\t\t<div class=\"elementor-widget-wrap elementor-element-populated\">\n\t\t\t\t\t\t<div class=\"elementor-element elementor-element-244ee8b elementor-widget elementor-widget-heading\" data-id=\"244ee8b\" data-element_type=\"widget\" data-e-type=\"widget\" data-widget_type=\"heading.default\">\n\t\t\t\t<div class=\"elementor-widget-container\">\n\t\t\t\t\t<h2 class=\"elementor-heading-title elementor-size-default\">Mentions L\u00e9gales<\/h2>\t\t\t\t<\/div>\n\t\t\t\t<\/div>\n\t\t\t\t<div class=\"elementor-element elementor-element-26f2fca elementor-widget elementor-widget-text-editor\" data-id=\"26f2fca\" data-element_type=\"widget\" data-e-type=\"widget\" data-widget_type=\"text-editor.default\">\n\t\t\t\t<div class=\"elementor-widget-container\">\n\t\t\t\t\t\t\t\t\t<p>MIEUX COMMENT est un site \u00e9dit\u00e9 par Malika Ghilani, Entrepreneur Individuel \u00e0 Responsabilit\u00e9 Limit\u00e9e (EIRL), immatricul\u00e9e \u00e0 PARIS, sous le num\u00e9ro 522 047 703 et ayant son si\u00e8ge situ\u00e9 au 46 rue des entrepreneurs, 75015 PARIS\u00a0;<\/p><p>Directeur de la publication\u00a0: Mademoiselle Malika Ghilani \u2013 contactez-la<a href=\"mailto:contact@mieuxcomment.com\"> ici.<\/a><\/p><p>Le site Internet https:\/\/www.mieuxcomment.com\/boutique <u><\/u>(le site) est la propri\u00e9t\u00e9 exclusive de Malika Annick Ghilani.<\/p>\t\t\t\t\t\t\t\t<\/div>\n\t\t\t\t<\/div>\n\t\t\t\t<div class=\"elementor-element elementor-element-f1af259 elementor-widget elementor-widget-heading\" data-id=\"f1af259\" data-element_type=\"widget\" data-e-type=\"widget\" data-widget_type=\"heading.default\">\n\t\t\t\t<div class=\"elementor-widget-container\">\n\t\t\t\t\t<h3 class=\"elementor-heading-title elementor-size-default\">H\u00e9bergement<\/h3>\t\t\t\t<\/div>\n\t\t\t\t<\/div>\n\t\t\t\t<div class=\"elementor-element elementor-element-35614f4 elementor-widget elementor-widget-text-editor\" data-id=\"35614f4\" data-element_type=\"widget\" data-e-type=\"widget\" data-widget_type=\"text-editor.default\">\n\t\t\t\t<div class=\"elementor-widget-container\">\n\t\t\t\t\t\t\t\t\t<p>Le site Internet est h\u00e9berg\u00e9 par la soci\u00e9t\u00e9 O2SWITCH, 222-224 Boulevard Gustave Flaubert 63000 Clermont-Ferrand, Capital de 100000 euros, Siret : 510 909 80700024.<\/p>\t\t\t\t\t\t\t\t<\/div>\n\t\t\t\t<\/div>\n\t\t\t\t<div class=\"elementor-element elementor-element-9b77dd3 elementor-widget elementor-widget-heading\" data-id=\"9b77dd3\" data-element_type=\"widget\" data-e-type=\"widget\" data-widget_type=\"heading.default\">\n\t\t\t\t<div class=\"elementor-widget-container\">\n\t\t\t\t\t<h3 class=\"elementor-heading-title elementor-size-default\">Propri\u00e9t\u00e9 intellectuelle<\/h3>\t\t\t\t<\/div>\n\t\t\t\t<\/div>\n\t\t\t\t<div class=\"elementor-element elementor-element-ce4ad54 elementor-widget elementor-widget-text-editor\" data-id=\"ce4ad54\" data-element_type=\"widget\" data-e-type=\"widget\" data-widget_type=\"text-editor.default\">\n\t\t\t\t<div class=\"elementor-widget-container\">\n\t\t\t\t\t\t\t\t\t<p>De mani\u00e8re g\u00e9n\u00e9rale, les donn\u00e9es, les programmes, les \u00e9chantillons musicaux, les textes, les informations, les logos, les identit\u00e9s visuelles, les images anim\u00e9es ou non et leurs mises en forme, les vid\u00e9os, apparaissant sur le Site sont la propri\u00e9t\u00e9 de Malika Ghilani et sont prot\u00e9g\u00e9es \u00e0 ce titre par les dispositions du Code de la propri\u00e9t\u00e9 intellectuelle.<br \/>Tout internaute s\u2019engage \u00e0 ne pas les utiliser que dans le strict cadre offert par le Site.<\/p>\t\t\t\t\t\t\t\t<\/div>\n\t\t\t\t<\/div>\n\t\t\t\t<div class=\"elementor-element elementor-element-18892c9 elementor-widget elementor-widget-heading\" data-id=\"18892c9\" data-element_type=\"widget\" data-e-type=\"widget\" data-widget_type=\"heading.default\">\n\t\t\t\t<div class=\"elementor-widget-container\">\n\t\t\t\t\t<h3 class=\"elementor-heading-title elementor-size-default\">Commentaires<\/h3>\t\t\t\t<\/div>\n\t\t\t\t<\/div>\n\t\t\t\t<div class=\"elementor-element elementor-element-765a312 elementor-widget elementor-widget-text-editor\" data-id=\"765a312\" data-element_type=\"widget\" data-e-type=\"widget\" data-widget_type=\"text-editor.default\">\n\t\t\t\t<div class=\"elementor-widget-container\">\n\t\t\t\t\t\t\t\t\t<p>Malika Ghilani encourage les internautes \u00e0 publier des commentaires sur le Site. Toutefois les commentaires n\u2019ayant aucun rapport avec le contenu du Site seront consid\u00e9r\u00e9s comme du spam et par cons\u00e9quent supprim\u00e9s. Les commentaires injurieux ou ayant des connotations racistes, violentes ou sexuelles seront \u00e9galement supprim\u00e9s.<\/p>\t\t\t\t\t\t\t\t<\/div>\n\t\t\t\t<\/div>\n\t\t\t\t<div class=\"elementor-element elementor-element-2c6ed7d elementor-widget elementor-widget-heading\" data-id=\"2c6ed7d\" data-element_type=\"widget\" data-e-type=\"widget\" data-widget_type=\"heading.default\">\n\t\t\t\t<div class=\"elementor-widget-container\">\n\t\t\t\t\t<h3 class=\"elementor-heading-title elementor-size-default\">Responsabilit\u00e9<\/h3>\t\t\t\t<\/div>\n\t\t\t\t<\/div>\n\t\t\t\t<div class=\"elementor-element elementor-element-4cc5971 elementor-widget elementor-widget-text-editor\" data-id=\"4cc5971\" data-element_type=\"widget\" data-e-type=\"widget\" data-widget_type=\"text-editor.default\">\n\t\t\t\t<div class=\"elementor-widget-container\">\n\t\t\t\t\t\t\t\t\t<p>Malika Ghilani d\u00e9cline toute responsabilit\u00e9 quant aux \u00e9ventuels dysfonctionnements pouvant survenir sur le Site et entra\u00eener une perte de donn\u00e9es ou une indisponibilit\u00e9 de l\u2019acc\u00e8s aux informations produites sur celui-ci. \u00a0 Malika Ghilani ne peut garantir l\u2019exhaustivit\u00e9 et la v\u00e9racit\u00e9 des informations pr\u00e9sentes sur le Site ainsi que l\u2019absence de modification par un tiers (intrusion, virus). L\u2019internaute est seul responsable de l\u2019utilisation qu\u2019il fait du contenu du Site.<br \/>Les \u00e9l\u00e9ments pr\u00e9sent\u00e9s sur le Site sont susceptibles de modification sans pr\u00e9avis et sont mis \u00e0 la disposition des internautes, sans aucune garantie d\u2019aucune sorte, expresse ou tacite.<br \/>La pr\u00e9sence de liens hypertextes pr\u00e9sents sur le Site ne cr\u00e9e pas une solidarit\u00e9 de responsabilit\u00e9 entre Malika Ghilani et les propri\u00e9taires des autres sites, quant au contenu des sites sur lesquels est redirig\u00e9 l\u2019internaute. Seule la responsabilit\u00e9 desdits sites peut \u00eatre engag\u00e9e.<\/p>\t\t\t\t\t\t\t\t<\/div>\n\t\t\t\t<\/div>\n\t\t\t\t\t<\/div>\n\t\t<\/div>\n\t\t\t\t\t<\/div>\n\t\t<\/section>\n\t\t\t\t<\/div>\n\t\t","protected":false},"excerpt":{"rendered":"<p>Mentions L\u00e9gales MIEUX COMMENT est un site \u00e9dit\u00e9 par Malika Ghilani, Entrepreneur Individuel \u00e0 Responsabilit\u00e9 Limit\u00e9e (EIRL), immatricul\u00e9e \u00e0 PARIS, sous le num\u00e9ro 522 047 703 et ayant son si\u00e8ge situ\u00e9 au 46 rue des entrepreneurs, 75015 PARIS&nbsp;; Directeur de la publication&nbsp;: Mademoiselle Malika Ghilani \u2013 contactez-la ici. Le site Internet https:\/\/www.mieuxcomment.com\/boutique (le site) est [&hellip;]<\/p>\n","protected":false},"author":1,"featured_media":0,"parent":0,"menu_order":0,"comment_status":"closed","ping_status":"closed","template":"","meta":{"site-sidebar-layout":"no-sidebar","site-content-layout":"page-builder","ast-site-content-layout":"default","site-content-style":"default","site-sidebar-style":"default","ast-global-header-display":"","ast-banner-title-visibility":"","ast-main-header-display":"","ast-hfb-above-header-display":"","ast-hfb-below-header-display":"","ast-hfb-mobile-header-display":"","site-post-title":"disabled","ast-breadcrumbs-content":"","ast-featured-img":"disabled","footer-sml-layout":"","ast-disable-related-posts":"","theme-transparent-header-meta":"default","adv-header-id-meta":"","stick-header-meta":"","header-above-stick-meta":"","header-main-stick-meta":"","header-below-stick-meta":"","astra-migrate-meta-layouts":"default","ast-page-background-enabled":"default","ast-page-background-meta":{"desktop":{"background-color":"","background-image":"","background-repeat":"repeat","background-position":"center center","background-size":"auto","background-attachment":"scroll","background-type":"","background-media":"","overlay-type":"","overlay-color":"","overlay-opacity":"","overlay-gradient":""},"tablet":{"background-color":"","background-image":"","background-repeat":"repeat","background-position":"center center","background-size":"auto","background-attachment":"scroll","background-type":"","background-media":"","overlay-type":"","overlay-color":"","overlay-opacity":"","overlay-gradient":""},"mobile":{"background-color":"","background-image":"","background-repeat":"repeat","background-position":"center center","background-size":"auto","background-attachment":"scroll","background-type":"","background-media":"","overlay-type":"","overlay-color":"","overlay-opacity":"","overlay-gradient":""}},"ast-content-background-meta":{"desktop":{"background-color":"var(--ast-global-color-5)","background-image":"","background-repeat":"repeat","background-position":"center center","background-size":"auto","background-attachment":"scroll","background-type":"","background-media":"","overlay-type":"","overlay-color":"","overlay-opacity":"","overlay-gradient":""},"tablet":{"background-color":"var(--ast-global-color-5)","background-image":"","background-repeat":"repeat","background-position":"center center","background-size":"auto","background-attachment":"scroll","background-type":"","background-media":"","overlay-type":"","overlay-color":"","overlay-opacity":"","overlay-gradient":""},"mobile":{"background-color":"var(--ast-global-color-5)","background-image":"","background-repeat":"repeat","background-position":"center center","background-size":"auto","background-attachment":"scroll","background-type":"","background-media":"","overlay-type":"","overlay-color":"","overlay-opacity":"","overlay-gradient":""}},"slim_seo":{"noindex":"1","title":"Mentions L\u00e9gales - HYPNOSE \u00e9volutive","description":"Mentions L\u00e9gales MIEUX COMMENT est un site \u00e9dit\u00e9 par Malika Ghilani, Entrepreneur Individuel \u00e0 Responsabilit\u00e9 Limit\u00e9e (EIRL), immatricul\u00e9e \u00e0 PARIS, sous le num\u00e9"},"footnotes":""},"class_list":["post-1044","page","type-page","status-publish","hentry"],"_links":{"self":[{"href":"https:\/\/www.mieuxcomment.com\/boutique\/wp-json\/wp\/v2\/pages\/1044","targetHints":{"allow":["GET"]}}],"collection":[{"href":"https:\/\/www.mieuxcomment.com\/boutique\/wp-json\/wp\/v2\/pages"}],"about":[{"href":"https:\/\/www.mieuxcomment.com\/boutique\/wp-json\/wp\/v2\/types\/page"}],"author":[{"embeddable":true,"href":"https:\/\/www.mieuxcomment.com\/boutique\/wp-json\/wp\/v2\/users\/1"}],"replies":[{"embeddable":true,"href":"https:\/\/www.mieuxcomment.com\/boutique\/wp-json\/wp\/v2\/comments?post=1044"}],"version-history":[{"count":1,"href":"https:\/\/www.mieuxcomment.com\/boutique\/wp-json\/wp\/v2\/pages\/1044\/revisions"}],"predecessor-version":[{"id":2542,"href":"https:\/\/www.mieuxcomment.com\/boutique\/wp-json\/wp\/v2\/pages\/1044\/revisions\/2542"}],"wp:attachment":[{"href":"https:\/\/www.mieuxcomment.com\/boutique\/wp-json\/wp\/v2\/media?parent=1044"}],"curies":[{"name":"wp","href":"https:\/\/api.w.org\/{rel}","templated":true}]}}