{"id":1327,"date":"2020-06-11T14:47:59","date_gmt":"2020-06-11T14:47:59","guid":{"rendered":"https:\/\/www.mieuxcomment.com\/boutique\/?post_type=product&#038;p=1327"},"modified":"2025-12-23T20:03:50","modified_gmt":"2025-12-23T19:03:50","slug":"hypnose-grossesse-naissance-en-joie","status":"publish","type":"product","link":"https:\/\/www.mieuxcomment.com\/boutique\/produit\/hypnose-grossesse-naissance-en-joie\/","title":{"rendered":"Hypnose grossesse : parcours naissance en joie #10"},"content":{"rendered":"<p style=\"padding-left: 40px;\">Avoir un enfant est un projet bien r\u00e9el.<\/p>\n<p style=\"padding-left: 40px;\">Un projet constitu\u00e9 d&rsquo;\u00e9tapes, de phases et m\u00eame d&rsquo;un \u00ab\u00a0projet de naissance\u00a0\u00bb Vous savez ce document recensant vos desiderata quant aux conditions id\u00e9ales de votre accouchement.<\/p>\n<table>\n<tbody>\n<tr>\n<th style=\"text-align: center;\"><strong>Sommaire<\/strong><\/th>\n<\/tr>\n<tr>\n<td height=\"150\">\n<div style=\"overflow: auto; width: 100%; height: 100%; background-color: #ffffff;\">\n<ol>\n<li><a href=\"#mon\">Mon parcours naissance en joie #10 est un accompagnement en hypnose sur-mesure <\/a><\/li>\n<li><a href=\"#le\">Le parcours naissance en joie #10 est un voyage <\/a><\/li>\n<li><a href=\"#ce\">Ce forfait de 10 s\u00e9ances d&rsquo;hypnose \u00e9volutive et spirituelle vous accompagnera pour une grossesse joyeuse <\/a><\/li>\n<li><a href=\"#l\">L&rsquo;accouchement id\u00e9al <\/a><\/li>\n<li><a href=\"#art\">L&rsquo;art de se d\u00e9tendre <\/a><\/li>\n<li><a href=\"#remodelage\">Le remodelage corporel <\/a><\/li>\n<li><a href=\"#renforcement\">Le renforcement de la confiance <\/a><\/li>\n<li><a href=\"#connexion\">La connexion aux femmes sages <\/a><\/li>\n<li><a href=\"#benedictions\">Les b\u00e9n\u00e9dictions \u00e9motionnelles <\/a><\/li>\n<li><a href=\"#liberation\">La lib\u00e9ration des liens toxiques et karmiques <\/a><\/li>\n<li><a href=\"#peridurale\">La p\u00e9ridurale naturelle <\/a><\/li>\n<li><a href=\"#future\">La future parentalit\u00e9 <\/a><\/li>\n<li><a href=\"#integration\">L&rsquo;int\u00e9gration des enseignements <\/a><\/li>\n<li><a href=\"#hypnose\">L&rsquo;hypnose pour favoriser votre grossesse joyeuse et sereine <\/a><\/li>\n<\/ol>\n<\/div>\n<\/td>\n<\/tr>\n<\/tbody>\n<\/table>\n<p style=\"padding-left: 40px;\">Un jour&#8230;. test de grossesse&#8230; Le corps est bizarre&#8230; Il sait&#8230; Vous ne savez pas &#8230; pas encore&#8230; Patience oblige, le regard est dirig\u00e9 sur le test de grossesse. Les yeux sont riv\u00e9s sur l&rsquo;affichage. Les prunelles sont fix\u00e9es &#8230; 1 barre&#8230; puis 2 ! OUI ! <strong>VOUS \u00caTES ENCEINTE<\/strong> ! Vous sautez de joie et m\u00eame pleurez de joie. C&rsquo;est comme un feu d&rsquo;artifices, \u00e9trangement plein de gr\u00e2ce et de pl\u00e9nitude, aussi.<\/p>\n<p style=\"padding-left: 40px;\">Pourtant, \u00eatre positive et confiante, exempte de stress est d\u00e9j\u00e0 un d\u00e9fi de tous les jours, alors l\u00e0, que faire ?<\/p>\n<p style=\"padding-left: 40px;\">D&rsquo;autant plus que, comme le disent les sages-femmes , le stress et g\u00e9n\u00e9rateur de dysfonctionnements physiologiques.<\/p>\n<p style=\"padding-left: 40px;\">Claire Michelin, animatrice de la conf\u00e9rence \u00ab\u00a0La physiologie de la naissance pour un accouchement naturel\u00a0\u00bb donne, d&rsquo;ailleurs, un \u00e9clairage sur le sujet.<\/p>\n<p><strong>En bref, ils d\u00e9conseillent toute forme de stress durant la grossesse pour le bien de la m\u00e8re, du b\u00e9b\u00e9 et du d\u00e9roulement de l&rsquo;accouchement.<\/strong><\/p>\n<p style=\"padding-left: 40px;\">Pourtant, malgr\u00e9 vous, des questions sur la grossesse, des doutes sur la naissance et des peurs de l&rsquo;accouchement \u00e9mergent comme des pop-corns.<\/p>\n<p style=\"padding-left: 40px;\">Entre le besoin de savoir ce qu&rsquo;il faut faire maintenant et quelles m\u00e9thodes existent pour la pr\u00e9paration \u00e0 l&rsquo;accouchement, votre c\u0153ur balance.<\/p>\n<p style=\"padding-left: 40px;\">Ce bouleversement qui porte son lot de confusions\u00a0 et d&rsquo;\u00e9motions est, parfois accentu\u00e9 par l&rsquo;environnement et l&rsquo;entourage.<\/p>\n<p style=\"padding-left: 40px;\">Puis vient une \u00e9ventuelle sensation de deuil car l&rsquo;attention\u00a0 de tous va se porter assez rapidement sur l&rsquo;enfant \u00e0 na\u00eetre, surtout si c&rsquo;est le premier.<\/p>\n<p style=\"padding-left: 40px;\">Donc, d&rsquo;un c\u00f4t\u00e9, il y a vous, qui ressentez comme un sentiment d&rsquo;abandon et de grande solitude, de vuln\u00e9rabilit\u00e9 apr\u00e8s la grande euphorie d&rsquo;apprendre votre grossesse.<\/p>\n<p style=\"padding-left: 40px;\">Puis, de l&rsquo;autre c\u00f4t\u00e9, les autres, que leur dire ? Ne pas l&rsquo;annoncer \u00e0 tout le monde ? Attendre l&rsquo;\u00e9ch\u00e9ance du 1er trimestre ? Le partager avec qui ? Le gyn\u00e9cologue, la sage-femme, l&rsquo;\u00e9tablissement, dans quel ordre tout \u00e7a ?<\/p>\n<p style=\"padding-left: 40px;\">Et certaines craintes reviennent plus intens\u00e9ment comme la peur de s\u2019ab\u00eemer \u00e0 l&rsquo;accouchement, la peur de la souffrance physique, la peur de pas savoir enfanter&#8230;<\/p>\n<p><strong>Heureusement, il est parfaitement possible de vivre sa grossesse et d&rsquo;accoucher le plus naturellement du monde en restant joyeuse et sereine.<\/strong><\/p>\n<blockquote>\n<p style=\"text-align: center;\"><span style=\"color: #54595f;\">\u00c7a peut \u00eatre r\u00e9el, je le vois, c\u2019est plausible ! Il y a beaucoup de joie !\u00a0\u00bb (parole d&rsquo;une consultante)<\/span><\/p>\n<\/blockquote>\n<p><img fetchpriority=\"high\" decoding=\"async\" class=\"aligncenter wp-image-1621 size-large\" src=\"https:\/\/www.mieuxcomment.com\/boutique\/wp-content\/uploads\/2020\/06\/hypnose-grossesse-1024x493.jpg\" alt=\"Hypnose grossesse, un parcours naissance en joie !\" width=\"1024\" height=\"493\" srcset=\"https:\/\/www.mieuxcomment.com\/boutique\/wp-content\/uploads\/2020\/06\/hypnose-grossesse-1024x493.jpg 1024w, https:\/\/www.mieuxcomment.com\/boutique\/wp-content\/uploads\/2020\/06\/hypnose-grossesse-500x241.jpg 500w, https:\/\/www.mieuxcomment.com\/boutique\/wp-content\/uploads\/2020\/06\/hypnose-grossesse-300x144.jpg 300w, https:\/\/www.mieuxcomment.com\/boutique\/wp-content\/uploads\/2020\/06\/hypnose-grossesse-768x370.jpg 768w, https:\/\/www.mieuxcomment.com\/boutique\/wp-content\/uploads\/2020\/06\/hypnose-grossesse.jpg 1350w\" sizes=\"(max-width: 1024px) 100vw, 1024px\" \/><\/p>\n<h2>Mon parcours naissance en joie #10 est un accompagnement en hypnose sur-mesure<\/h2>\n<p style=\"padding-left: 40px;\">Le parcours naissance en joie #10 est con\u00e7u pour vous aider \u00e0 vous lib\u00e9rer de vos craintes et de vos angoisses de future maman.<\/p>\n<p style=\"padding-left: 40px;\">Nous savons combien il est important que vous soyez tranquillis\u00e9e pour avoir un sommeil et une alimentation \u00e9quilibr\u00e9s. Car, vous devez pr\u00e9server au mieux votre \u00e9quilibre \u00e9motionnel et la qualit\u00e9 d\u2019un repos suffisant pour votre gestation et vous-m\u00eame.<\/p>\n<p style=\"padding-left: 40px;\">Naturellement, vous rechercherez un environnement s\u00e9cure r\u00e9pondant \u00e0 votre besoin de s\u00e9curit\u00e9 int\u00e9rieure. Tous ces bouleversements vous demanderont votre capacit\u00e9 \u00e0 faire de bons choix.<\/p>\n<p style=\"padding-left: 40px;\">De plus en plus, les sens maternels en \u00e9veil, vous vous impliquerez dans votre nidification. Vous prendrez plaisir en pr\u00e9parant tout : les v\u00eatements, les accessoires de soins, l&rsquo;espace ou la chambre de b\u00e9b\u00e9&#8230;<\/p>\n<p style=\"padding-left: 40px;\">Parall\u00e8lement, vous aurez envie de continuer \u00e0 bouger, \u00e0 faire su sport, peut-\u00eatre, \u00e0 vous entretenir pour rester tonique. Alors viendra l&rsquo;alliance \u00e0 s&rsquo;autoriser \u00e0 vivre une vie nouvelle et \u00e0 en \u00eatre rassur\u00e9e.<\/p>\n<p style=\"padding-left: 40px;\">Vous aurez besoin, aussi, d&rsquo;apprendre \u00e0 relativiser lors des examens de suivi de grossesse pour ne pas dramatiser face au personnel m\u00e9dical.<\/p>\n<p><strong>C&rsquo;est pourquoi ce parcours naissance en joie #10, vous donnera les ressources \u00e0 activer pour vous confortez dans le fait que vous faites tout ce qu&rsquo;il faut pour prendre soin de votre grossesse.<\/strong><\/p>\n<blockquote>\n<p style=\"text-align: center;\"><span style=\"color: #54595f;\">\u00ab\u00a0Je revivrai mon accouchement encore et encore, tellement c&rsquo;\u00e9tait un moment merveilleux.\u00a0\u00bb (extrait d&rsquo;une publication du 7 juillet 2020 du groupe Facebook<\/span> \u00ab\u00a0Mamans bienveillantes et maternage proximal\u00a0\u00bb).<\/p>\n<\/blockquote>\n<h2>Le parcours naissance en joie #10 est un voyage<\/h2>\n<p style=\"padding-left: 40px;\">Chaque s\u00e9ance du parcours naissance en joie est une \u00e9tape exp\u00e9rientielle comme un voyage. Elle trace un chemin rapide vers vous-m\u00eame, vers votre Moi profond. Plus vous ma\u00eetrisez l&rsquo;\u00e9tat d&rsquo;hypnose, plus votre force int\u00e9rieure se d\u00e9ploie. Vous vous sentez \u00e0 l&rsquo;aise dans votre maternit\u00e9 dont vous serez fi\u00e8re et \u00e9mue.<\/p>\n<p style=\"padding-left: 40px;\">Au fil des semaines, vous concevez cet heureux \u00e9v\u00e9nement comme une \u00e9vidence. Le fait d&rsquo;\u00e9veiller votre conscience du lien intra-ut\u00e9rin, vous mettra \u00e0 l&rsquo;\u00e9coute de la construction de ce lien. La notion de \u00ab\u00a0douleurs\u00a0\u00bb devient alors inappropri\u00e9e parce que per\u00e7ue comme une sensation intense nouvelle informative et organique.<\/p>\n<p style=\"padding-left: 40px;\">C&rsquo;est, en fait, la conscience de l\u2019exp\u00e9rience extraordinaire de cr\u00e9er et de donner la vie.<\/p>\n<p><strong>Chaque \u00e9tape confirme votre capacit\u00e9 naturelle \u00e0 mettre au monde un enfant, sans dommage ni pour vous, ni pour l&rsquo;enfant.<\/strong><\/p>\n<blockquote>\n<p style=\"text-align: center;\"><span style=\"color: #54595f;\">\u00ab\u00a0Mon b\u00e9b\u00e9 a l&rsquo;air de suivre l\u2019accompagnement en m\u00eame temps.\u00a0\u00bb (parole d&rsquo;une consultante)<\/span><\/p>\n<\/blockquote>\n<h2>L&rsquo;hypnose \u00e9volutive et spirituelle vous accompagne pour une grossesse joyeuse.<\/h2>\n<p style=\"padding-left: 40px;\">Chaque s\u00e9ance est l&rsquo;expression d&rsquo;un principe. Ce principe est que \u00ab\u00a0tout ce qui s&rsquo;imagine ais\u00e9ment et positivement trouve d\u00e9j\u00e0 un chemin nouveau dans sa r\u00e9alisation\u00a0\u00bb.<\/p>\n<h3>Les th\u00e9matiques des 10 s\u00e9ances d&rsquo;hypnose \u00e9volutive et spirituelle<\/h3>\n<h4 id=\"l\" style=\"padding-left: 40px;\">1. L&rsquo;accouchement id\u00e9al<\/h4>\n<p style=\"padding-left: 40px;\">Vous voulez arr\u00eater d&rsquo;imaginer et d&rsquo;attirer le pire ? Avec cette premi\u00e8re s\u00e9ance d&rsquo;hypnose, vous allez faire accro\u00eetre votre sentiment d&rsquo;amour. Vous percevrez <strong>votre capacit\u00e9 \u00e0 mettre au monde votre enfant dans la s\u00e9curit\u00e9 la plus enti\u00e8re<\/strong>. Vous appr\u00e9henderez l&rsquo;enfant comme un cadeau tandis que vous cr\u00e9erez votre bulle de r\u00e9assurance.<\/p>\n<h4 id=\"art\" style=\"padding-left: 40px;\">2. L&rsquo;art de se d\u00e9tendre<\/h4>\n<p style=\"padding-left: 40px;\">Vous poursuivrez l&rsquo;organisation de votre vie, la construction de vos projets et de votre avenir car <strong>lib\u00e9r\u00e9e des doutes et des projections n\u00e9gatives<\/strong>. Vous sortirez ainsi de la grande confusion en apprenant \u00e0 entrer dans des ressentis positifs et constructifs. Petit \u00e0 petit, vous affinerez vos acuit\u00e9s et pourrez pr\u00e9server une sexualit\u00e9 normale.<\/p>\n<h4 id=\"remodelage\" style=\"padding-left: 40px;\">3. Le remodelage corporel<\/h4>\n<p style=\"padding-left: 40px;\">Vous visualiserez votre corps r\u00e9pondant positivement aux changements qu&rsquo;apportent la maternit\u00e9 avant, pendant et apr\u00e8s l&rsquo;accouchement. Simultan\u00e9ment, vous d\u00e9velopperez l&rsquo;assurance de retrouver votre silhouette initiale. Et vous nourrirez la confiance quant aux capacit\u00e9 de votre votre corps pour lequel vous ressentirez de la fiert\u00e9.<\/p>\n<h4 id=\"renforcement\" style=\"padding-left: 40px;\">4. Le renforcement de la confiance<\/h4>\n<p style=\"padding-left: 40px;\">Inutile de se programmer un post partum, n&rsquo;est-ce pas ? <strong>Cultivez, \u00e0 la place, la foi est un enfantement naturel avec une solide confiance en vous, en votre corps et en votre b\u00e9b\u00e9.<\/strong> Cela vous permettra de rester en contact avec votre enfant pour d\u00e9couvrir la subtile communication qui se cr\u00e9e entre vous.<\/p>\n<h4 id=\"connexion\" style=\"padding-left: 40px;\">5. La connexion aux femmes sages<\/h4>\n<p style=\"padding-left: 40px;\">Quoi de plus r\u00e9confortant que de contacter les \u00eatres de sagesse, vos guides ou votre Moi sup\u00e9rieur pour contrer le sentiment d&rsquo;abandon ?!<strong> Ils vous aideront \u00e0 l\u00e2cher le sentiment de grande solitude, de vuln\u00e9rabilit\u00e9 pour vous emplir de joie.<\/strong><\/p>\n<p style=\"padding-left: 40px;\">Cette sagesse vous \u00e9clairera de telle mani\u00e8re que vous serez bien plus dispos\u00e9e et votre enfant se sentira d\u00e9j\u00e0 accueilli.<\/p>\n<h4 id=\"benedictions\" style=\"padding-left: 40px;\">6. Les b\u00e9n\u00e9dictions \u00e9motionnelles<\/h4>\n<p style=\"padding-left: 40px;\">Vos r\u00e9sistances et vos tracas s&rsquo;effaceront pour <strong>faire place \u00e0 une gestation harmonieuse et tranquille<\/strong>. Votre perception d&rsquo;\u00eatre en train de vivre une \u00e9volution fluide vous emplira des sentiments de bien-\u00eatre et d&rsquo;enrichissement. Vous d\u00e9couvrirez, donc, vos merveilleuses capacit\u00e9s de r\u00e9silience.<\/p>\n<h4 id=\"lib\u00e9ration\" style=\"padding-left: 40px;\">7. La lib\u00e9ration des liens toxiques et karmiques<\/h4>\n<p style=\"padding-left: 40px;\">Alors que vous vous d\u00e9ferez des attachement et des croyances nuisibles voire nocifs, votre capacit\u00e9 \u00e0 prendre vos propres d\u00e9cisions s&rsquo;affirmera sereinement. Avec, l&rsquo;hypnose, vous obtiendrez <strong>des ressources pour vous immuniser du n\u00e9gatif ambiant<\/strong>.<\/p>\n<h4 id=\"p\u00e9ridurale\" style=\"padding-left: 40px;\">8. La p\u00e9ridurale naturelle<\/h4>\n<p style=\"padding-left: 40px;\"><strong>En compl\u00e9ment de votre envie d&rsquo;un accouchement physiologique et sans p\u00e9ridurale<\/strong>, vous apprendrez \u00e0 revenir au contact de l&rsquo;extraordinaire fonctionnement de vote corps. De ce fait, vous ne pourrez que vous sentir lumineuse, tr\u00e8s, tr\u00e8s sereine et joyeuse.<\/p>\n<h4 id=\"future\" style=\"padding-left: 40px;\">9. La future parentalit\u00e9<\/h4>\n<p style=\"padding-left: 40px;\">Cette s\u00e9ance d&rsquo;hypnose vous pr\u00e9pare \u00e0 <strong>construire votre future parentalit\u00e9<\/strong> qui est d\u00e9j\u00e0 en germe avec votre partenaire. Remplie de paix, vous envisagerez votre cong\u00e9 parental et la nouvelle organisation de la famille que vous cr\u00e9ez.<\/p>\n<h4 id=\"integration\" style=\"padding-left: 40px;\">10. L&rsquo;int\u00e9gration des enseignements<\/h4>\n<p style=\"padding-left: 40px;\">Enfin, la derni\u00e8re s\u00e9ance d&rsquo;hypnose est une synth\u00e8se de tous vos nouveaux savoirs. Le rappel vivifiant de <strong>tous vos moments forts du parcours<\/strong> vous renforce dans les derniers jours avant terme.<\/p>\n<h2 id=\"hypnose\" style=\"padding-left: 40px;\">L&rsquo;hypnose pour favoriser votre grossesse joyeuse et sereine<\/h2>\n<p>Pour conclure, si :<\/p>\n<ul>\n<li>l&rsquo;accouchement suscite chez vous des craintes voire des angoisses : peur de ne pas y arriver, peur de la douleur, peur de la d\u00e9chirure, peur de mourir, etc ;<\/li>\n<li>vous souhaitez envisager sereinement ce jour exceptionnel de votre vie o\u00f9 vous donnerez naissance \u00e0 votre enfant ;<\/li>\n<li>vous aimeriez en faire un des plus beaux jours de votre vie ;<\/li>\n<li>vous voulez avoir pleinement confiance en vous, en votre corps, en votre b\u00e9b\u00e9, pour vivre un magnifique accouchement :<\/li>\n<\/ul>\n<p><strong>En r\u00e9sum\u00e9, si vous aspirez \u00e0 remplacer la peur de l&rsquo;accouchement par la joie de le vivre pleinement et agr\u00e9ablement, alors cet accompagnement est fait pour vous !<\/strong><\/p>\n<p><img decoding=\"async\" class=\"aligleft alignleft wp-image-1819 size-full\" src=\"https:\/\/www.mieuxcomment.com\/boutique\/wp-content\/uploads\/2020\/07\/Future-maman.png\" alt=\"01\" width=\"150\" height=\"300\" \/><a href=\"https:\/\/www.mieuxcomment.com\/boutique\/hypnose-grossesse-naissance-en-joie\/#panier\"><img decoding=\"async\" class=\"alignright wp-image-1828 \" src=\"https:\/\/www.mieuxcomment.com\/boutique\/wp-content\/uploads\/2020\/07\/shopping-cart.png\" alt=\"02\" width=\"300\" height=\"300\" srcset=\"https:\/\/www.mieuxcomment.com\/boutique\/wp-content\/uploads\/2020\/07\/shopping-cart.png 300w, https:\/\/www.mieuxcomment.com\/boutique\/wp-content\/uploads\/2020\/07\/shopping-cart-100x100.png 100w, https:\/\/www.mieuxcomment.com\/boutique\/wp-content\/uploads\/2020\/07\/shopping-cart-150x150.png 150w\" sizes=\"(max-width: 300px) 100vw, 300px\" \/><\/a><\/p>\n<div style=\"display: block; clear: both;\"><\/div>\n<p>&nbsp;<\/p>\n","protected":false},"excerpt":{"rendered":"<p><span id=\"panier\"><\/span><br \/>\nAvec le parcours naissance en joie #10, cr\u00e9ez-vous la grossesse et l&rsquo;accouchement de vos r\u00eaves !<\/p>\n<p>Ce forfait Hypnose grossesse est l&rsquo;exploration de 10 th\u00e9matiques. elles correspondent \u00e0 vos besoins et \u00e0 vos inqui\u00e9tudes de femme enceinte surtout si c&rsquo;est votre premier enfant.<\/p>\n<ul>\n<li>Nouveaut\u00e9 2020<\/li>\n<li>Accompagnement ultra personnalis\u00e9<\/li>\n<\/ul>\n","protected":false},"featured_media":1335,"comment_status":"open","ping_status":"closed","template":"","meta":{"site-sidebar-layout":"default","site-content-layout":"plain-container","ast-site-content-layout":"normal-width-container","site-content-style":"unboxed","site-sidebar-style":"unboxed","ast-global-header-display":"","ast-banner-title-visibility":"","ast-main-header-display":"","ast-hfb-above-header-display":"","ast-hfb-below-header-display":"","ast-hfb-mobile-header-display":"","site-post-title":"","ast-breadcrumbs-content":"","ast-featured-img":"","footer-sml-layout":"","ast-disable-related-posts":"","theme-transparent-header-meta":"default","adv-header-id-meta":"","stick-header-meta":"","header-above-stick-meta":"","header-main-stick-meta":"","header-below-stick-meta":"","astra-migrate-meta-layouts":"set","ast-page-background-enabled":"default","ast-page-background-meta":{"desktop":{"background-color":"","background-image":"","background-repeat":"repeat","background-position":"center center","background-size":"auto","background-attachment":"scroll","background-type":"","background-media":"","overlay-type":"","overlay-color":"","overlay-opacity":"","overlay-gradient":""},"tablet":{"background-color":"","background-image":"","background-repeat":"repeat","background-position":"center center","background-size":"auto","background-attachment":"scroll","background-type":"","background-media":"","overlay-type":"","overlay-color":"","overlay-opacity":"","overlay-gradient":""},"mobile":{"background-color":"","background-image":"","background-repeat":"repeat","background-position":"center center","background-size":"auto","background-attachment":"scroll","background-type":"","background-media":"","overlay-type":"","overlay-color":"","overlay-opacity":"","overlay-gradient":""}},"ast-content-background-meta":{"desktop":{"background-color":"var(--ast-global-color-5)","background-image":"","background-repeat":"repeat","background-position":"center center","background-size":"auto","background-attachment":"scroll","background-type":"","background-media":"","overlay-type":"","overlay-color":"","overlay-opacity":"","overlay-gradient":""},"tablet":{"background-color":"var(--ast-global-color-5)","background-image":"","background-repeat":"repeat","background-position":"center center","background-size":"auto","background-attachment":"scroll","background-type":"","background-media":"","overlay-type":"","overlay-color":"","overlay-opacity":"","overlay-gradient":""},"mobile":{"background-color":"var(--ast-global-color-5)","background-image":"","background-repeat":"repeat","background-position":"center center","background-size":"auto","background-attachment":"scroll","background-type":"","background-media":"","overlay-type":"","overlay-color":"","overlay-opacity":"","overlay-gradient":""}},"slim_seo":{"title":"La grossesse et l'HYPNOSE","description":"Avec le forfait hypnose GROSSESSE, vous \u00e9liminez tout stress pour renouer avec vos fonctions naturelles physiologiques et rendre agr\u00e9able votre grossesse."}},"product_brand":[],"product_cat":[31],"product_tag":[],"class_list":{"0":"post-1327","1":"product","2":"type-product","3":"status-publish","4":"has-post-thumbnail","6":"product_cat-femme","7":"desktop-align-left","8":"tablet-align-left","9":"mobile-align-left","11":"first","12":"instock","13":"virtual","14":"purchasable","15":"product-type-simple"},"_links":{"self":[{"href":"https:\/\/www.mieuxcomment.com\/boutique\/wp-json\/wp\/v2\/product\/1327","targetHints":{"allow":["GET"]}}],"collection":[{"href":"https:\/\/www.mieuxcomment.com\/boutique\/wp-json\/wp\/v2\/product"}],"about":[{"href":"https:\/\/www.mieuxcomment.com\/boutique\/wp-json\/wp\/v2\/types\/product"}],"replies":[{"embeddable":true,"href":"https:\/\/www.mieuxcomment.com\/boutique\/wp-json\/wp\/v2\/comments?post=1327"}],"version-history":[{"count":3,"href":"https:\/\/www.mieuxcomment.com\/boutique\/wp-json\/wp\/v2\/product\/1327\/revisions"}],"predecessor-version":[{"id":2604,"href":"https:\/\/www.mieuxcomment.com\/boutique\/wp-json\/wp\/v2\/product\/1327\/revisions\/2604"}],"wp:featuredmedia":[{"embeddable":true,"href":"https:\/\/www.mieuxcomment.com\/boutique\/wp-json\/wp\/v2\/media\/1335"}],"wp:attachment":[{"href":"https:\/\/www.mieuxcomment.com\/boutique\/wp-json\/wp\/v2\/media?parent=1327"}],"wp:term":[{"taxonomy":"product_brand","embeddable":true,"href":"https:\/\/www.mieuxcomment.com\/boutique\/wp-json\/wp\/v2\/product_brand?post=1327"},{"taxonomy":"product_cat","embeddable":true,"href":"https:\/\/www.mieuxcomment.com\/boutique\/wp-json\/wp\/v2\/product_cat?post=1327"},{"taxonomy":"product_tag","embeddable":true,"href":"https:\/\/www.mieuxcomment.com\/boutique\/wp-json\/wp\/v2\/product_tag?post=1327"}],"curies":[{"name":"wp","href":"https:\/\/api.w.org\/{rel}","templated":true}]}}