{"id":1341,"date":"2020-06-11T14:47:22","date_gmt":"2020-06-11T14:47:22","guid":{"rendered":"https:\/\/www.mieuxcomment.com\/boutique\/?post_type=product&#038;p=1341"},"modified":"2025-12-23T21:04:21","modified_gmt":"2025-12-23T20:04:21","slug":"eveil-spirituel","status":"publish","type":"product","link":"https:\/\/www.mieuxcomment.com\/boutique\/produit\/eveil-spirituel\/","title":{"rendered":"Mon \u00c9veil Spirituel #6"},"content":{"rendered":"<p>\u00c7a y est, c&rsquo;est arriv\u00e9 : votre vie n&rsquo;a d\u00e9finitivement pas le sens que vous aimeriez ! Et pire, vous ne savez plus quelle direction donner \u00e0 votre vie !<\/p>\n<table>\n<tbody>\n<tr>\n<th style=\"text-align: center;\"><strong>Sommaire<\/strong><\/th>\n<\/tr>\n<tr>\n<td height=\"150\">\n<div style=\"overflow: auto; width: 100%; height: 100%; background-color: #ffffff;\">\n<ol>\n<li><a href=\"#retrouver\">Retrouver le sens de votre vie avec le programme Mon \u00e9veil Spirituel #6<\/a><\/li>\n<li><a href=\"#spiritualite\">La spiritualit\u00e9 est un \u00e9tat de disponibilit\u00e9 \u00e0 \u00eatre plus qu&rsquo;\u00e0 faire <\/a><\/li>\n<li><a href=\"#mon\">Mon \u00e9veil spirituel #6 contribue \u00e0 votre d\u00e9veloppement personnel<\/a><\/li>\n<li><a href=\"#les\">Les \u00e9tapes de Mon \u00c9veil Spirituel #6 <\/a><\/li>\n<li><a href=\"#la\">La relaxation du corps <\/a><\/li>\n<li><a href=\"#detente\">La d\u00e9tente de l&rsquo;esprit <\/a><\/li>\n<li><a href=\"#accroissement\">L&rsquo;accroissement de la confiance <\/a><\/li>\n<li><a href=\"#transmutation\">La transmutation d&rsquo;un blocage ou d&rsquo;une g\u00eane actuels <\/a><\/li>\n<li><a href=\"#liberation\">La lib\u00e9ration des liens karmiques<\/a><\/li>\n<li><a href=\"#connexion\">La connexion \u00e0 vos guides <\/a><\/li>\n<li><a href=\"#hypnose\">L&rsquo;hypnose au service de la spiritualit\u00e9 <\/a><\/li>\n<\/ol>\n<\/div>\n<\/td>\n<\/tr>\n<\/tbody>\n<\/table>\n<p style=\"padding-left: 40px;\">Les m\u00e9dias et l&rsquo;environnement semblent de plus en plus anxiog\u00e8nes et de moins en moins fiables. Autour de vous, il n&rsquo;est question que de difficult\u00e9s dans l\u2019emploi, de vie \u00e0 100 \u00e0 l&rsquo;heure, d&rsquo;envies d&rsquo;un ailleurs. Un ailleurs d\u00e9sir\u00e9 certainement pour garantir un meilleur voire un id\u00e9al mais qu&rsquo;est-ce qui le garantit au fond ? Et vous&#8230; ET VOUS ?!<\/p>\n<p style=\"padding-left: 40px;\">A trop de niveaux, vous nagez en pleine confusion et vous ne savez plus \u00e0 quel \u00ab\u00a0saint\u00a0\u00bb vous vouez.<\/p>\n<p style=\"padding-left: 40px;\">Vous regrettez vos choix m\u00eame lointains parce que vous ne les comprenez plus. Leur r\u00e9sultat est si d\u00e9concertant et sans joie ! Vous clamez, peut-\u00eatre, en votre for int\u00e9rieur : \u00ab\u00a0mais pourquoi me suis-je mis dans cette gal\u00e8re \u00a0\u00bb ?<\/p>\n<p style=\"padding-left: 40px;\"><strong>La plupart de vos recherches convergent sur l&rsquo;envie de trouver le sens de la vie, de votre vie et de l&rsquo;existence.<\/strong><\/p>\n<p style=\"padding-left: 40px;\">Malgr\u00e9 tout, votre rythme au quotidien peut vous \u00e9voquer celui d&rsquo;un hamster dans une roue fr\u00e9n\u00e9tique. Pourtant, vous n&rsquo;\u00eates pas un hamster, n&rsquo;est-ce pas ?<\/p>\n<p style=\"padding-left: 40px;\">Vous avez \u00e9ventuellement tent\u00e9 la m\u00e9ditation : votre mental est trop actif pour vous laisser en paix. Vous croyez alors que la m\u00e9ditation n&rsquo;est pas pour vous.<\/p>\n<p><strong>Quand bien m\u00eame, vous avez un temp\u00e9rament, peut-\u00eatre, super actif, vous r\u00eavez de vrais temps de pause.<\/strong><\/p>\n<h2 id=\"retrouver\">Retrouver le sens de votre vie avec le programme Hypnose Mon \u00e9veil Spirituel #6<\/h2>\n<p style=\"padding-left: 40px;\">M\u00eame si de nombreuses personnes s&rsquo;int\u00e9ressent \u00e0 la spiritualit\u00e9, beaucoup s&rsquo;interrogent, sceptiques, sur son utilit\u00e9 concr\u00e8te, dans le monde actuel.<\/p>\n<p style=\"padding-left: 40px;\"><strong>Et pourtant, si vous \u00eates d\u00e9sireux de trouver le sens de votre vie, que ce soit par curiosit\u00e9, par qu\u00eate ou par d\u00e9tresse, c&rsquo;est humain.<\/strong><\/p>\n<p style=\"padding-left: 40px;\">Il est, tout \u00e0 fait, normal, bon et lucide de s&rsquo;ouvrir \u00e0 la spiritualit\u00e9. Elle est, en effet, partie int\u00e9grante de notre humanit\u00e9, constituant le sel de notre part divine.<\/p>\n<blockquote>\n<p style=\"text-align: left;\"><span style=\"color: #54595f;\">Credendo vides : c&rsquo;est parce que je crois que je vois ! (Principe fondateur de la spiritualit\u00e9)<br \/>\n<\/span><\/p>\n<\/blockquote>\n<p style=\"padding-left: 40px;\">Loin de la maxime \u00ab\u00a0je ne crois que ce que je vois\u00a0\u00bb, c&rsquo;est un renouveau psychologique que d&rsquo;inverser cette croyance.<\/p>\n<p><strong>C\u2019est l\u00e0 que la notion de foi prend tout son sens et sa r\u00e9elle signification, dans notre monde terrestre.<\/strong><\/p>\n<h2 id=\"spiritualite\">La spiritualit\u00e9 est un \u00e9tat de disponibilit\u00e9 \u00e0 \u00eatre, plus qu&rsquo;\u00e0 faire<\/h2>\n<p style=\"padding-left: 40px;\">O\u00f9 se \u00ab\u00a0place\u00a0\u00bb votre spiritualit\u00e9 ?<\/p>\n<p style=\"padding-left: 40px;\">En g\u00e9n\u00e9ral, d\u00e8s que vous avez besoin de r\u00e9ponses moins mat\u00e9rielles, que faites-vous ? buvez-vous un verre d&rsquo;alcool ? Regardez-vous le ciel ? Faites-vous une pri\u00e8re ? Faites-vous des v\u0153ux ?<\/p>\n<p style=\"padding-left: 40px;\">Par ailleurs, peut-\u00eatre que vous vous \u00e9duquez, d\u00e9j\u00e0, beaucoup et de fa\u00e7on vaste, pour trouver des r\u00e9ponses. Tant\u00f4t vous regardez des \u00e9missions ou vous lisez, tant\u00f4t vous participez \u00e0 des activit\u00e9s de d\u00e9veloppement personnel.<\/p>\n<p style=\"padding-left: 40px;\">Peut-\u00eatre que vous avez d\u00e9j\u00e0 explor\u00e9 des sujets tels que le magn\u00e9tisme, les \u00e9nergies, la bio-g\u00e9ologie voire m\u00eame, l&rsquo;hypnose spirituelle et la communication avec les d\u00e9funts&#8230;<\/p>\n<p style=\"padding-left: 40px;\">Or tout ce que vous tentez est soit abstrait, trop conceptuel, soit ne semble pas fonctionner pour vous.<\/p>\n<p><strong>C\u2019est merveilleux, si vous me lisez, c&rsquo;est que des r\u00e9ponses viennent \u00e0 votre rencontre : il n&rsquo;y a pas de hasard ! <\/strong>Peut-\u00eatre que le billet\u00a0<strong> \u00ab\u00a0Pr\u00e9ambule aux 6 \u00e9tapes pour d\u00e9buter un \u00e9veil spirituel facilement\u00a0\u00bb\u00a0<\/strong> vous inspirera aussi.<strong><br \/>\n<\/strong><\/p>\n<p><img fetchpriority=\"high\" decoding=\"async\" class=\"alignnone size-large wp-image-1743\" src=\"https:\/\/www.mieuxcomment.com\/boutique\/wp-content\/uploads\/2020\/07\/Eveil-spirituel-avec-lhypnose-1024x444.jpg\" alt=\"Un processus d'\u00e9veil spirituele en 6 s\u00e9ances d'hypnose !\" width=\"1024\" height=\"444\" srcset=\"https:\/\/www.mieuxcomment.com\/boutique\/wp-content\/uploads\/2020\/07\/Eveil-spirituel-avec-lhypnose-1024x444.jpg 1024w, https:\/\/www.mieuxcomment.com\/boutique\/wp-content\/uploads\/2020\/07\/Eveil-spirituel-avec-lhypnose-500x217.jpg 500w, https:\/\/www.mieuxcomment.com\/boutique\/wp-content\/uploads\/2020\/07\/Eveil-spirituel-avec-lhypnose-300x130.jpg 300w, https:\/\/www.mieuxcomment.com\/boutique\/wp-content\/uploads\/2020\/07\/Eveil-spirituel-avec-lhypnose-768x333.jpg 768w, https:\/\/www.mieuxcomment.com\/boutique\/wp-content\/uploads\/2020\/07\/Eveil-spirituel-avec-lhypnose.jpg 1280w\" sizes=\"(max-width: 1024px) 100vw, 1024px\" \/><\/p>\n<p style=\"padding-left: 40px;\">D&rsquo;abord, si vous voulez vivre une exp\u00e9rience transcendantale, la spiritualit\u00e9 exige une forme de patience. Bien diff\u00e9rente d&rsquo;une attente que quelque chose arrive, <strong>cette patience est plut\u00f4t une disponibilit\u00e9 \u00e0 ce que quelque chose surgisse<\/strong>. Pour que cela arrive vite, l&rsquo;exp\u00e9rimentation de la spiritualit\u00e9 n\u00e9cessite, paradoxalement, la lenteur et le calme. L&rsquo;agitation soustrait la l\u00e9g\u00e8ret\u00e9 et retire l&rsquo;accueil indispensable. L&rsquo;\u00e2me d\u00e9licate est timide si ce n&rsquo;est frileuse, en ce monde terrestre. Seul l&rsquo;instant pr\u00e9sent est suffisamment chaud, plein et entier pour que l&rsquo;\u00e2me se d\u00e9tende.<\/p>\n<blockquote><p><span style=\"color: #54595f;\">\u00ab\u00a0Je me sens totalement d\u00e9tendue&#8230; J&rsquo;\u00e9tais ici&#8230; mais loin&#8230;. c&rsquo;est particulier&#8230;\u00a0\u00bb (parole d&rsquo;une consultante)<\/span><\/p><\/blockquote>\n<p style=\"padding-left: 40px;\">C\u2019est pourquoi, les m\u00e9ditants confirment que c&rsquo;est dans le calme int\u00e9rieur que nous percevons et nous ressentons le subtil.<\/p>\n<p><strong>En cons\u00e9quence, pour l&rsquo;\u00e9mergence de votre spiritualit\u00e9, il est crucial d&rsquo;accueillir et de donner une importance r\u00e9elle \u00e0 votre s\u00e9r\u00e9nit\u00e9.<\/strong><\/p>\n<h2 id=\"mon\">Mon \u00e9veil spirituel #6 contribue \u00e0 votre d\u00e9veloppement personnel<\/h2>\n<p style=\"padding-left: 40px;\">L\u2019essentiel de vos connaissances en spiritualit\u00e9 se r\u00e9sume \u00e0 des concepts m\u00e9taphysiques et parfois trop mystiques pour vous. Ou, une fois pass\u00e9, il ne vous reste rien de vos stages en d\u00e9veloppement personnel. C&rsquo;est trop compliqu\u00e9 \u00e0 vous rappeler de l&rsquo;ins\u00e9rer dans votre quotidien. D&rsquo;ailleurs, quand vous avez essay\u00e9, \u00e7a n&rsquo;a pas trouv\u00e9 sa place dans votre mani\u00e8re de vivre.<\/p>\n<p style=\"padding-left: 40px;\">Vouloir vivre une exp\u00e9rience transcendantale demande, en effet, quelques pr\u00e9alables exp\u00e9rientiels bien plus qu&rsquo;intellectuels. Certes les savoirs concernant la spiritualit\u00e9 ou l&rsquo;\u00e9veil spirituel ont leur importance. <strong>N\u00e9anmoins, au d\u00e9but, rien ne vaut la pratique guid\u00e9e, notamment avec l&rsquo;hypnose \u00e9volutive.<\/strong><\/p>\n<blockquote><p><span style=\"color: #54595f;\">\u00ab\u00a0Waouh&#8230;waouh, c&rsquo;est super&#8230;. c&rsquo;\u00e9tait beau\u00a0\u00bb (parole d&rsquo;une consultante)<\/span><\/p><\/blockquote>\n<p style=\"padding-left: 40px;\">Sachez que l&rsquo;\u00e9veil spirituel est un chemin accessible \u00e0 tous. Nul besoin de qualification ni de don particuliers, seuls votre curiosit\u00e9 positive et votre ouverture vous seront utiles.<\/p>\n<p style=\"padding-left: 40px;\"><strong>Ce programme Mon \u00e9veil spirituel #6 r\u00e9pond au d\u00e9sir de tout d\u00e9butant d&rsquo;\u00e9lucider sa vie, gr\u00e2ce \u00e0 la spiritualit\u00e9<\/strong>. C&rsquo;est pourquoi, il est con\u00e7u particuli\u00e8rement pour les personnes n&rsquo;ayant jamais pratiqu\u00e9 ,ou peu, l&rsquo;hypnose, d\u00e9sireuses d&rsquo;\u00e9veiller leur part spirituelle.<\/p>\n<p style=\"padding-left: 40px;\">C&rsquo;est un accompagnement qui vous permet de manifester de nouvelles fondations, bas\u00e9 sur vos besoins, respectueux de votre progression.<\/p>\n<p style=\"padding-left: 40px;\">Un processus d&rsquo;\u00e9veil spirituel passe, n\u00e9cessairement, par le fait d&rsquo;ouvrir un espace \u00e0 un sentiment d&rsquo;\u00e9quilibre et de paix profonds.<\/p>\n<p><strong>Autrement dit, ce programme vous permet d&rsquo;incarner et d\u2019exp\u00e9rimenter la citation : \u00ab\u00a0Un esprit sain dans un corps sain\u00a0\u00bb.<\/strong><\/p>\n<h3 id=\"les\">Les \u00e9tapes de Mon \u00c9veil Spirituel #6 avec l&rsquo;hypnose \u00e9volutive<\/h3>\n<p style=\"padding-left: 40px;\">Sp\u00e9cifiquement destin\u00e9 \u00e0 votre \u00e9veil spirituel, le programme est un processus d&rsquo;\u00e9volution subtile. Lors de ces 6 s\u00e9ances d&rsquo;hypnose, vous allez d\u00e9couvrir l&rsquo;\u00e9tat hypnotique, l&rsquo;hypnose \u00e9volutive et les mouvements oculaires.<\/p>\n<h4 id=\"la\" style=\"padding-left: 40px;\">1. La relaxation du corps<\/h4>\n<p style=\"padding-left: 40px;\">Exit l&rsquo;agitation ! <strong>L&rsquo;objectif\u00a0 est, dans un premier temps, de rendre disponible le v\u00e9hicule corporel<\/strong> puis de permettre l&rsquo;expansion de l&rsquo;esprit sain (et saint ?). Le subtil est, par d\u00e9finition, a\u00e9rien, c\u2019est \u00e0\u00a0 dire l\u00e9ger et symbolique. L&rsquo;\u00e2me pour se montrer demande donc une forme de d\u00e9pouillement corporel.<\/p>\n<h4 id=\"detente\" style=\"padding-left: 40px;\">2. La d\u00e9tente de l&rsquo;esprit<\/h4>\n<p style=\"padding-left: 40px;\">Un mental en effervescence engendre un sentiment de d\u00e9passement voire de d\u00e9bordement. <strong>Cette seconde s\u00e9ance d&rsquo;hypnose \u00c9veil Spirituel vous enseigne \u00e0 faire de la place au sentiment d&rsquo;\u00e9quilibre et de paix profonds.<\/strong> C&rsquo;est le moment du d\u00e9pouillement psychologique ou intellectuel pour faire place \u00e0 la clairvoyance, parente de la spiritualit\u00e9.<\/p>\n<h4 id=\"accroissement\" style=\"padding-left: 40px;\">3. L&rsquo;accroissement de la confiance<\/h4>\n<p style=\"padding-left: 40px;\">Vous ne connaissez pas, r\u00e9ellement, votre s\u00e9curit\u00e9 int\u00e9rieure tellement vous la sentez malmen\u00e9e ? La peur rend inaccessible la conscience n\u00e9cessaire \u00e0 l&rsquo;\u00e9mergence de votre spiritualit\u00e9. <strong>Restaurer la confiance en vous et en la vie sera le but de cette s\u00e9ance d&rsquo;hypnose<\/strong> pour cr\u00e9er votre espace de sagesse.<\/p>\n<h4 id=\"transmutation\" style=\"padding-left: 40px;\">4. La transmutation d&rsquo;un blocage ou d&rsquo;une g\u00eane actuels<\/h4>\n<p style=\"padding-left: 40px;\">Les pr\u00e9occupations du quotidien coupent trop souvent l&rsquo;inspiration et l&rsquo;intuition, d&rsquo;autant plus, dans une situation per\u00e7ue inextricable. Le canal intuitif, si myst\u00e9rieux qu&rsquo;il soit, d\u00e9sire s&rsquo;\u00e9tendre dans la non r\u00e9sistance pour laisser l&rsquo;esprit circuler. <strong>Vous consid\u00e9rerez votre capacit\u00e9 \u00e0 prendre un recul plus juste<\/strong> tout en amoindrissant l&rsquo;\u00e9motivit\u00e9 li\u00e9e \u00e0 votre probl\u00e8me.<\/p>\n<h4 id=\"liberation\" style=\"padding-left: 40px;\">5. La lib\u00e9ration des liens karmiques<\/h4>\n<p style=\"padding-left: 40px;\">Avancer dans la vie avec des casseroles est ext\u00e9nuant, n&rsquo;est-ce pas ? Nous r\u00e9visons, avec l&rsquo;hypnose, des moments marquants et signifiants pour lib\u00e9rer les \u00e9nergies int\u00e9rieures d&rsquo;un comportement nocif ou d&rsquo;une maladie. <strong>Ainsi, vous int\u00e9grez des enseignements de vie qui vous ouvrent une communication vers des vibrations plus \u00e9lev\u00e9es.<\/strong><\/p>\n<h4 id=\"connexion\" style=\"padding-left: 40px;\">6. La connexion \u00e0 vos guides<\/h4>\n<p style=\"padding-left: 40px;\">Sortir d&rsquo;une vie purement mat\u00e9rielle et limit\u00e9e spirituellement vous r\u00e9v\u00e9lera des r\u00e9ponses au-del\u00e0 du c\u00e9r\u00e9bral et du sensuel. <strong>Avec cette derni\u00e8re s\u00e9ance d&rsquo;hypnose, vous entrerez compl\u00e8tement dans\u00a0 le cheminement de votre spiritualit\u00e9<\/strong>.<\/p>\n<p style=\"padding-left: 40px;\">Apr\u00e8s avoir ouvert la voie, vous apprenez \u00e0 cr\u00e9er, \u00e0 votre mani\u00e8re, une relation avec votre sagesse int\u00e9rieure.<strong> De ce fait, cette sagesse devient votre ressource nouvelle pour guider votre vie.<\/strong><\/p>\n<h2 id=\"hypnose\">L&rsquo;hypnose\u00a0 au service de la <a href=\"https:\/\/www.youtube.com\/watch?v=B9pNYAcKewY\" target=\"_blank\" rel=\"noopener\">spiritualit\u00e9<\/a><\/h2>\n<p>Pour conclure, si :<\/p>\n<ul>\n<li>Vous aimeriez faire taire, enfin, le bruit de votre t\u00eate ;<\/li>\n<li>Vous esp\u00e9rez trouver dans la spiritualit\u00e9 des r\u00e9ponses \u00e9clairantes pour enfin VIVRE ;<\/li>\n<li>Vous avez envie de diriger, de mieux en mieux, votre vie? en respect de qui vous \u00eates ;<\/li>\n<li>L&rsquo;\u00e9veil spirituel avec l&rsquo;hypnose attise votre curiosit\u00e9.<\/li>\n<\/ul>\n<p><strong>Si, en somme, vous \u00eates d\u00e9sireux de trouver le sens de la vie&#8230; le sens de votre vie&#8230; le sens de l&rsquo;existence, ce programme d&rsquo;\u00e9veil spirituel est fait pour vous !<\/strong><\/p>\n<p><img decoding=\"async\" class=\"alignleft wp-image-1858 size-full\" src=\"https:\/\/www.mieuxcomment.com\/boutique\/wp-content\/uploads\/2020\/07\/Votre-\u00e9veil-spirituel.png\" alt=\"\" width=\"200\" height=\"200\" srcset=\"https:\/\/www.mieuxcomment.com\/boutique\/wp-content\/uploads\/2020\/07\/Votre-\u00e9veil-spirituel.png 240w, https:\/\/www.mieuxcomment.com\/boutique\/wp-content\/uploads\/2020\/07\/Votre-\u00e9veil-spirituel-100x100.png 100w, https:\/\/www.mieuxcomment.com\/boutique\/wp-content\/uploads\/2020\/07\/Votre-\u00e9veil-spirituel-150x150.png 150w\" sizes=\"(max-width: 200px) 100vw, 200px\" \/><a href=\"https:\/\/www.mieuxcomment.com\/boutique\/eveil-spirituel\/#panier\"><img decoding=\"async\" class=\"alignright wp-image-1828 size-full\" src=\"https:\/\/www.mieuxcomment.com\/boutique\/wp-content\/uploads\/2020\/07\/shopping-cart.png\" alt=\"02\" width=\"300\" height=\"300\" srcset=\"https:\/\/www.mieuxcomment.com\/boutique\/wp-content\/uploads\/2020\/07\/shopping-cart.png 300w, https:\/\/www.mieuxcomment.com\/boutique\/wp-content\/uploads\/2020\/07\/shopping-cart-100x100.png 100w, https:\/\/www.mieuxcomment.com\/boutique\/wp-content\/uploads\/2020\/07\/shopping-cart-150x150.png 150w\" sizes=\"(max-width: 300px) 100vw, 300px\" \/><\/a><\/p>\n<div style=\"display: block; clear: both;\"><\/div>\n","protected":false},"excerpt":{"rendered":"<p>6 s\u00e9ances d&rsquo;hypnose Mon \u00c9veil Spirituel pour que vous trouviez des r\u00e9ponses au sens de votre vie ! Ce cheminement vous permettra d&rsquo;apprendre, concr\u00e8tement, \u00e0 vous relaxer et vous pr\u00e9parer \u00e0 d\u00e9velopper votre spiritualit\u00e9. C&rsquo;est un processus de renaissance v\u00e9ritable \u00e0 vous-m\u00eame et \u00e0 la vie. D\u00e9couvrez votre puissance originelle int\u00e9rieure en allant \u00e0 la rencontre de vos guides !<span id=\"panier\"><\/span><\/p>\n<ul>\n<li>Exclusif !<\/li>\n<li>Accompagnement ultra personnalis\u00e9<\/li>\n<\/ul>\n","protected":false},"featured_media":1345,"comment_status":"open","ping_status":"closed","template":"","meta":{"site-sidebar-layout":"default","site-content-layout":"default","ast-site-content-layout":"default","site-content-style":"default","site-sidebar-style":"default","ast-global-header-display":"","ast-banner-title-visibility":"","ast-main-header-display":"","ast-hfb-above-header-display":"","ast-hfb-below-header-display":"","ast-hfb-mobile-header-display":"","site-post-title":"","ast-breadcrumbs-content":"","ast-featured-img":"","footer-sml-layout":"","ast-disable-related-posts":"","theme-transparent-header-meta":"default","adv-header-id-meta":"","stick-header-meta":"","header-above-stick-meta":"","header-main-stick-meta":"","header-below-stick-meta":"","astra-migrate-meta-layouts":"set","ast-page-background-enabled":"default","ast-page-background-meta":{"desktop":{"background-color":"","background-image":"","background-repeat":"repeat","background-position":"center center","background-size":"auto","background-attachment":"scroll","background-type":"","background-media":"","overlay-type":"","overlay-color":"","overlay-opacity":"","overlay-gradient":""},"tablet":{"background-color":"","background-image":"","background-repeat":"repeat","background-position":"center center","background-size":"auto","background-attachment":"scroll","background-type":"","background-media":"","overlay-type":"","overlay-color":"","overlay-opacity":"","overlay-gradient":""},"mobile":{"background-color":"","background-image":"","background-repeat":"repeat","background-position":"center center","background-size":"auto","background-attachment":"scroll","background-type":"","background-media":"","overlay-type":"","overlay-color":"","overlay-opacity":"","overlay-gradient":""}},"ast-content-background-meta":{"desktop":{"background-color":"var(--ast-global-color-5)","background-image":"","background-repeat":"repeat","background-position":"center center","background-size":"auto","background-attachment":"scroll","background-type":"","background-media":"","overlay-type":"","overlay-color":"","overlay-opacity":"","overlay-gradient":""},"tablet":{"background-color":"var(--ast-global-color-5)","background-image":"","background-repeat":"repeat","background-position":"center center","background-size":"auto","background-attachment":"scroll","background-type":"","background-media":"","overlay-type":"","overlay-color":"","overlay-opacity":"","overlay-gradient":""},"mobile":{"background-color":"var(--ast-global-color-5)","background-image":"","background-repeat":"repeat","background-position":"center center","background-size":"auto","background-attachment":"scroll","background-type":"","background-media":"","overlay-type":"","overlay-color":"","overlay-opacity":"","overlay-gradient":""}},"slim_seo":{"title":"Eveil Spirituel, apprenez \u00e0 faire appel \u00e0 vos guides\u00a0!","description":"Avec le forfait Eveil Spirituel int\u00e9grez des enseignements de vie et ouvrez-vous \u00e0 une communication vers des vibrations plus \u00e9lev\u00e9es."}},"product_brand":[],"product_cat":[32],"product_tag":[],"class_list":{"0":"post-1341","1":"product","2":"type-product","3":"status-publish","4":"has-post-thumbnail","6":"product_cat-spiritualite","7":"desktop-align-left","8":"tablet-align-left","9":"mobile-align-left","11":"first","12":"instock","13":"virtual","14":"purchasable","15":"product-type-simple"},"_links":{"self":[{"href":"https:\/\/www.mieuxcomment.com\/boutique\/wp-json\/wp\/v2\/product\/1341","targetHints":{"allow":["GET"]}}],"collection":[{"href":"https:\/\/www.mieuxcomment.com\/boutique\/wp-json\/wp\/v2\/product"}],"about":[{"href":"https:\/\/www.mieuxcomment.com\/boutique\/wp-json\/wp\/v2\/types\/product"}],"replies":[{"embeddable":true,"href":"https:\/\/www.mieuxcomment.com\/boutique\/wp-json\/wp\/v2\/comments?post=1341"}],"version-history":[{"count":7,"href":"https:\/\/www.mieuxcomment.com\/boutique\/wp-json\/wp\/v2\/product\/1341\/revisions"}],"predecessor-version":[{"id":2605,"href":"https:\/\/www.mieuxcomment.com\/boutique\/wp-json\/wp\/v2\/product\/1341\/revisions\/2605"}],"wp:featuredmedia":[{"embeddable":true,"href":"https:\/\/www.mieuxcomment.com\/boutique\/wp-json\/wp\/v2\/media\/1345"}],"wp:attachment":[{"href":"https:\/\/www.mieuxcomment.com\/boutique\/wp-json\/wp\/v2\/media?parent=1341"}],"wp:term":[{"taxonomy":"product_brand","embeddable":true,"href":"https:\/\/www.mieuxcomment.com\/boutique\/wp-json\/wp\/v2\/product_brand?post=1341"},{"taxonomy":"product_cat","embeddable":true,"href":"https:\/\/www.mieuxcomment.com\/boutique\/wp-json\/wp\/v2\/product_cat?post=1341"},{"taxonomy":"product_tag","embeddable":true,"href":"https:\/\/www.mieuxcomment.com\/boutique\/wp-json\/wp\/v2\/product_tag?post=1341"}],"curies":[{"name":"wp","href":"https:\/\/api.w.org\/{rel}","templated":true}]}}