{"id":1546,"date":"2020-06-24T17:17:08","date_gmt":"2020-06-24T17:17:08","guid":{"rendered":"https:\/\/www.mieuxcomment.com\/boutique\/?post_type=product&#038;p=1546"},"modified":"2025-12-23T19:54:17","modified_gmt":"2025-12-23T18:54:17","slug":"hypnose-a-distance","status":"publish","type":"product","link":"https:\/\/www.mieuxcomment.com\/boutique\/produit\/hypnose-a-distance\/","title":{"rendered":"Hypnose \u00e0 distance #2.0"},"content":{"rendered":"<p>L&rsquo;hypnose \u00e0 distance, tout aussi efficace qu&rsquo;en pr\u00e9sentiel, gagne en flexibilit\u00e9. Non seulement, elle est adaptable aux outils num\u00e9riques mais elle vous \u00e9vite des d\u00e9placements.<\/p>\n<p>Gagner du temps est, certes, appr\u00e9ciable dans des semaines, d\u00e9j\u00e0, bien remplies. Vous augmentez le confort de votre agenda mais \u00e9galement celui o\u00f9 vous profitez du lieu o\u00f9 vous \u00eates.<\/p>\n<p>Ce peut \u00eatre, d&rsquo;ailleurs, soit chez vous soit chez un ami ou de la famille ou, encore, au bureau.<\/p>\n<p>Tant que vous n&rsquo;\u00eates pas d\u00e9rang\u00e9, tout me va ! La s\u00e9ance suit son m\u00eame d\u00e9roulement qu&rsquo;en cabinet, seuls les aspects techniques s&rsquo;ajoutent.<\/p>\n<h2>L&rsquo;hypnose \u00e0 distance avec Malika Ghilani : d&rsquo;infinies possibilit\u00e9s !<\/h2>\n<p>Avec ces modalit\u00e9s, je suis encline \u00e0 programmer des rendez-vous \u00e0 20h00, en heure locale Paris, pour les pays francophones.<\/p>\n<p>Si vous vous situez dans un fuseau allant jusqu&rsquo;\u00e0 moins 6h00 de d\u00e9calage horaire, c&rsquo;est donc possible pour vous.<\/p>\n<blockquote><p><span style=\"color: #54595f;\">En passant, \u00ab\u00a0Gros becs\u00a0\u00bb \u00e0 mes compatriotes de c\u0153ur qu\u00e9b\u00e9cois ! Je les invite \u00e0 \u00ab\u00a0prendre une b\u00fbche\u00a0\u00bb !<\/span>*<\/p><\/blockquote>\n<p><strong>EXCEPTION<\/strong><\/p>\n<ul>\n<li>Dans certains cas, j&rsquo;accepte que la premi\u00e8re s\u00e9ance d&rsquo;hypnose se passe \u00e0 distance, contactez-moi par formulaire pour en faire la demande.<\/li>\n<li>J&rsquo;\u00e9tudie, au cas par cas, pour ajuster mon accompagnement minutieusement.<\/li>\n<li>Ensuite, nous organisons un appel vid\u00e9o court ou, faute de vid\u00e9o, un appel t\u00e9l\u00e9phonique pour \u00e9changer pr\u00e9alablement. Le paiement se fera par le choix du module \u00ab\u00a0ma premi\u00e8re s\u00e9ance d&rsquo;hypnose\u00a0\u00bb.<\/li>\n<\/ul>\n<h2>Hypnose \u00e0 distance ou au cabinet<\/h2>\n<p>L&rsquo;hypnose \u00e0 distance se combine parfaitement, en alternance avec des s\u00e9ances au cabinet : c&rsquo;est d\u2019ailleurs ce que je propose aux femmes enceintes.<\/p>\n<p>Elles peuvent ainsi mieux respecter leur physiologie et leurs n\u00e9cessit\u00e9s.<\/p>\n<p>En revanche, comme je le disais,<strong> l&rsquo;hypnose \u00e0 distance n\u00e9cessite une organisation technique<\/strong> ainsi qu&rsquo;une bonne connexion Internet de pr\u00e9f\u00e9rence par c\u00e2ble USB ou fibre.<\/p>\n<p>En effet, le Wi-Fi est instable : il peut ternir la qualit\u00e9 de votre v\u00e9cu, durant la s\u00e9ance.<\/p>\n<p>Je vous communique par mail tous les d\u00e9tails pr\u00e9alables selon votre situation et vos besoins. Tout est fait pour vivre une s\u00e9ance d&rsquo;hypnose \u00e0 distance d\u00e8s plus agr\u00e9able.<\/p>\n<p><strong>Mes s\u00e9ances d&rsquo;hypnose \u00e0 distance sont tout autant transformatrices que mes s\u00e9ances d&rsquo;hypnose en cabinet<\/strong>, comme en t\u00e9moignent mes consultants.<\/p>\n<p>Il est vrai que j&rsquo;y mets les m\u00eames soins pour votre plus grand confort et la r\u00e9ussite de vos transformations.<\/p>\n<p>Traduction :* Je les embrasse et je les invite \u00e0 s&rsquo;installer.<\/p>\n<p><a href=\"https:\/\/www.mieuxcomment.com\/boutique\/produit\/hypnose-en-ligne\/#panier\"><img fetchpriority=\"high\" decoding=\"async\" class=\"alignright size-full wp-image-1828\" src=\"https:\/\/www.mieuxcomment.com\/boutique\/wp-content\/uploads\/2020\/07\/shopping-cart.png\" alt=\"\" width=\"300\" height=\"300\" data-sitemapexclude=\"true\" srcset=\"https:\/\/www.mieuxcomment.com\/boutique\/wp-content\/uploads\/2020\/07\/shopping-cart.png 300w, https:\/\/www.mieuxcomment.com\/boutique\/wp-content\/uploads\/2020\/07\/shopping-cart-100x100.png 100w, https:\/\/www.mieuxcomment.com\/boutique\/wp-content\/uploads\/2020\/07\/shopping-cart-150x150.png 150w\" sizes=\"(max-width: 300px) 100vw, 300px\" \/><\/a><\/p>\n","protected":false},"excerpt":{"rendered":"<p><span id=\"panier\"><\/span><br \/>\nL&rsquo;hypnose \u00e0 distance est une excellente r\u00e9ponse pour vivre l&rsquo;hypnose de chez vous, tranquille sans avoir \u00e0 vous pr\u00e9occuper de vous d\u00e9placer et juste relaxer.<\/p>\n<p>L&rsquo;hypnose \u00e0 distance est configur\u00e9e pour vous aider m\u00eame de l\u00e0 o\u00f9 vous \u00eates !<\/p>\n","protected":false},"featured_media":2026,"comment_status":"open","ping_status":"closed","template":"","meta":{"site-sidebar-layout":"default","site-content-layout":"default","ast-site-content-layout":"default","site-content-style":"default","site-sidebar-style":"default","ast-global-header-display":"","ast-banner-title-visibility":"","ast-main-header-display":"","ast-hfb-above-header-display":"","ast-hfb-below-header-display":"","ast-hfb-mobile-header-display":"","site-post-title":"","ast-breadcrumbs-content":"","ast-featured-img":"","footer-sml-layout":"","ast-disable-related-posts":"","theme-transparent-header-meta":"default","adv-header-id-meta":"","stick-header-meta":"","header-above-stick-meta":"","header-main-stick-meta":"","header-below-stick-meta":"","astra-migrate-meta-layouts":"set","ast-page-background-enabled":"default","ast-page-background-meta":{"desktop":{"background-color":"","background-image":"","background-repeat":"repeat","background-position":"center center","background-size":"auto","background-attachment":"scroll","background-type":"","background-media":"","overlay-type":"","overlay-color":"","overlay-opacity":"","overlay-gradient":""},"tablet":{"background-color":"","background-image":"","background-repeat":"repeat","background-position":"center center","background-size":"auto","background-attachment":"scroll","background-type":"","background-media":"","overlay-type":"","overlay-color":"","overlay-opacity":"","overlay-gradient":""},"mobile":{"background-color":"","background-image":"","background-repeat":"repeat","background-position":"center center","background-size":"auto","background-attachment":"scroll","background-type":"","background-media":"","overlay-type":"","overlay-color":"","overlay-opacity":"","overlay-gradient":""}},"ast-content-background-meta":{"desktop":{"background-color":"var(--ast-global-color-5)","background-image":"","background-repeat":"repeat","background-position":"center center","background-size":"auto","background-attachment":"scroll","background-type":"","background-media":"","overlay-type":"","overlay-color":"","overlay-opacity":"","overlay-gradient":""},"tablet":{"background-color":"var(--ast-global-color-5)","background-image":"","background-repeat":"repeat","background-position":"center center","background-size":"auto","background-attachment":"scroll","background-type":"","background-media":"","overlay-type":"","overlay-color":"","overlay-opacity":"","overlay-gradient":""},"mobile":{"background-color":"var(--ast-global-color-5)","background-image":"","background-repeat":"repeat","background-position":"center center","background-size":"auto","background-attachment":"scroll","background-type":"","background-media":"","overlay-type":"","overlay-color":"","overlay-opacity":"","overlay-gradient":""}},"slim_seo":{"title":"Hypnose \u00e0 distance #2.0 avec Malika Ghilani : autant de confort !","description":"L'hypnose en ligne s'offre \u00e0 vous. Installez-vous confortablement l\u00e0 o\u00f9 vous \u00eates et partons pour un moment rien que pour votre mieux-\u00eatre !"}},"product_brand":[],"product_cat":[85],"product_tag":[],"class_list":{"0":"post-1546","1":"product","2":"type-product","3":"status-publish","4":"has-post-thumbnail","6":"product_cat-croissance-personnelle","7":"desktop-align-left","8":"tablet-align-left","9":"mobile-align-left","11":"first","12":"instock","13":"virtual","14":"purchasable","15":"product-type-simple"},"_links":{"self":[{"href":"https:\/\/www.mieuxcomment.com\/boutique\/wp-json\/wp\/v2\/product\/1546","targetHints":{"allow":["GET"]}}],"collection":[{"href":"https:\/\/www.mieuxcomment.com\/boutique\/wp-json\/wp\/v2\/product"}],"about":[{"href":"https:\/\/www.mieuxcomment.com\/boutique\/wp-json\/wp\/v2\/types\/product"}],"replies":[{"embeddable":true,"href":"https:\/\/www.mieuxcomment.com\/boutique\/wp-json\/wp\/v2\/comments?post=1546"}],"version-history":[{"count":13,"href":"https:\/\/www.mieuxcomment.com\/boutique\/wp-json\/wp\/v2\/product\/1546\/revisions"}],"predecessor-version":[{"id":2600,"href":"https:\/\/www.mieuxcomment.com\/boutique\/wp-json\/wp\/v2\/product\/1546\/revisions\/2600"}],"wp:featuredmedia":[{"embeddable":true,"href":"https:\/\/www.mieuxcomment.com\/boutique\/wp-json\/wp\/v2\/media\/2026"}],"wp:attachment":[{"href":"https:\/\/www.mieuxcomment.com\/boutique\/wp-json\/wp\/v2\/media?parent=1546"}],"wp:term":[{"taxonomy":"product_brand","embeddable":true,"href":"https:\/\/www.mieuxcomment.com\/boutique\/wp-json\/wp\/v2\/product_brand?post=1546"},{"taxonomy":"product_cat","embeddable":true,"href":"https:\/\/www.mieuxcomment.com\/boutique\/wp-json\/wp\/v2\/product_cat?post=1546"},{"taxonomy":"product_tag","embeddable":true,"href":"https:\/\/www.mieuxcomment.com\/boutique\/wp-json\/wp\/v2\/product_tag?post=1546"}],"curies":[{"name":"wp","href":"https:\/\/api.w.org\/{rel}","templated":true}]}}